{"id":18,"date":"2016-09-10T10:18:18","date_gmt":"2016-09-10T08:18:18","guid":{"rendered":"http:\/\/bigband.mv-hilzingen.de\/?page_id=18"},"modified":"2016-09-10T11:30:24","modified_gmt":"2016-09-10T09:30:24","slug":"chronik","status":"publish","type":"page","link":"https:\/\/bigband.mv-hilzingen.de\/index.php\/chronik\/","title":{"rendered":"Chronik"},"content":{"rendered":"<p><span style=\"font-size: 14pt;\">Wer mit Interesse die Entwicklung des Musikvereins Hilzingen seit den Nachkriegsjahren verfolgt hat, wird feststellen, dass neben den musikalischen Erfolgen der aktiven Kapelle die hervorragende und fortdauernde Jugendarbeit im gleichen Atemzug genannt werden muss. Sie bildete in den letzten 50 Jahren den musikalischen Grundstock, aus dem sich zahlreiche Bl\u00e4ser in die aktive Musikkapelle integrierten. Die erfolgreiche Jugendarbeit war und ist auch heute Garant daf\u00fcr, dass beim Musikverein Hilzingen Nachwuchsprobleme bei der Stimmenbesetzung nahezu unbekannt sind. Auch wenn in manchen Registern gelegentlich Engp\u00e4sse auftreten, so zeigt doch die heutige gro\u00dfe\u00a0Zahl der Musikerinnen und Musiker im Verein, dass es f\u00fcr den Fortbestand des Vereins sehr wichtig ist, sich intensiv um die Jugend zu k\u00fcmmern.<\/span><\/p>\n<p><span style=\"font-size: 12pt;\"><img loading=\"lazy\" decoding=\"async\" class=\" wp-image-27 img-responsive alignleft\" src=\"http:\/\/bigband.mv-hilzingen.de\/wp-content\/uploads\/2016\/09\/jugendkapelle-67-300x200.jpg\" alt=\"jugendkapelle-67\" width=\"447\" height=\"298\" srcset=\"https:\/\/bigband.mv-hilzingen.de\/wp-content\/uploads\/2016\/09\/jugendkapelle-67-300x200.jpg 300w, https:\/\/bigband.mv-hilzingen.de\/wp-content\/uploads\/2016\/09\/jugendkapelle-67.jpg 354w\" sizes=\"auto, (max-width: 447px) 100vw, 447px\" \/><\/span><span style=\"font-size: 14pt;\"><strong>Jugendkapelle 1967<\/strong><\/span><\/p>\n<p style=\"text-align: left;\"><span style=\"font-size: 12pt;\"><strong>Vorne sitzend (v.l.n.r.):<\/strong> Rolf Diedrich, G\u00fcnter Mengeu, Roland K\u00fchne, Meinrad Huber, Gerhard Bloching, Alfred Pfluger<\/span><\/p>\n<p style=\"text-align: left;\"><span style=\"font-size: 12pt;\"><strong>Mitte (v.l.n.r.):<\/strong> Klaus H\u00e4gele, 2. Vorstand Ernst H\u00e4gele, Wolfgang K\u00fchne, Julius Diedrich, Werner Osswald, Volker Homburger, Anton Heinemann, Walter H\u00e4gele, Uli Heinemann, Dirigent<br \/>\nKurt Sickinger<\/span><\/p>\n<p style=\"text-align: left;\"><span style=\"font-size: 12pt;\"><strong>Hinten stehend (v.l.n.r.):<\/strong> Reinhold Schmidle, Theo Schmieder, Hans-J\u00f6rg Bracher, G\u00fcnter Hengge, Manfred Schmidle, Peter M\u00fcller<\/span><\/p>\n<p>&nbsp;<\/p>\n<p><span style=\"font-size: 14pt;\">Erstmals bei der Versammlung im Januar 1963 erw\u00e4hnt das Protokoll den Aufbau einer Jugendkapelle: Unter dem damaligen 1. Vorsitzenden Robert Steppacher beschloss man die Gr\u00fcndung einer Jugendkapelle, um so das Nachwuchsproblem zu l\u00f6sen. Dass dies auch gleichzeitig ein mutiger &#8222;Pionierschritt war, kann man auch daran erkennen, dass im Verbandsgebiet Hegau erst drei Jugendkapellen bestanden &#8211; in Konstanz, Allensbach und Engen. Die Ausbildungsleitung lag in den H\u00e4nden von Berthold K\u00fcbler, Dirigent war wie bei den Aktiven <strong>Kurt Sickinger<\/strong>. Bereits im Juli 1963 fand der erste Auftritt beieinem Gartenfest statt. Dieser gelungene Start, der noch bei vielen Jugendlichen das Interessef\u00fcr die Blasmusik wecken sollte, war auch gleichzeitig Auftakt f\u00fcr zahlreiche und erfolgreicheAuftritte: Kurkonzerte in Kappel und Bizau, ein Platzkonzert im Europapark Rust, ein musikalischer Ausflug nach Neuhausen bei Pforzheim, ein Auftritt auf Burg Wildenstein, der im Rundfunk \u00fcbertragen wurde, die Umrahmung der ersten Heiligen Messe, die auf einem Bodenseeschiff stattfand. Dass man dabei bestrebt war, auf hohem musikalischen Niveau zu spielen, zeigen die Bewertungen &#8222;1.Rang mit Auszeichnung, die man bei drei Wertungsspielen in den Jahren 1969, 1972 und 1976 erhielt.<\/span><\/p>\n<p><span style=\"font-size: 14pt;\">Aus beruflichen Gr\u00fcnden sah sich Kurt Sickinger, der die Jugendkapelle seit ihrer Gr\u00fcndung 1963 leitete, gezwungen, zeitlich k\u00fcrzer zu treten, und so \u00fcbernahm 1977 <strong>Lothar Hengge<\/strong> die Ausbildungsleitung. Ab 1982 war <strong>Alfons R\u00f6tzer<\/strong>, der ebenfalls aus dem eigenen Nachwuchs kam, Ausbildungsleiter und Dirigent der Jugendkapelle.<\/span><\/p>\n<h3 style=\"text-align: left;\"><span style=\"font-size: 14pt;\"><strong>Jugendkapelle 19<img loading=\"lazy\" decoding=\"async\" class=\"wp-image-55 img-responsive alignleft\" src=\"http:\/\/bigband.mv-hilzingen.de\/wp-content\/uploads\/2016\/09\/jugend1-300x150.jpg\" alt=\"jugend1\" width=\"616\" height=\"308\" srcset=\"https:\/\/bigband.mv-hilzingen.de\/wp-content\/uploads\/2016\/09\/jugend1-300x150.jpg 300w, https:\/\/bigband.mv-hilzingen.de\/wp-content\/uploads\/2016\/09\/jugend1.jpg 354w\" sizes=\"auto, (max-width: 616px) 100vw, 616px\" \/>79<\/strong><\/span><\/h3>\n<p style=\"text-align: left;\"><span style=\"font-size: 12pt;\"><strong>Vorne (v.l.n.r.):<\/strong> Werner Ott, Kosmas Dietrich, Manfred Maier, Uwe Schmid, Edgar K\u00fcchler, Iris Wittmer, Bernhard Volk, Markus Kessinger, Dirigent Lothar Hengge<\/span><\/p>\n<p style=\"text-align: left;\"><span style=\"font-size: 12pt;\"><strong>Mitte (v.l.n.r.):<\/strong> Andreas Schmid, G\u00fcnter Tschacher, J\u00fcrgen H\u00e4ringer, Michael Huber, Armin Hengge, Elmar Pfister, Peter Schmidle<\/span><\/p>\n<p style=\"text-align: left;\"><span style=\"font-size: 12pt;\"><strong>Hinten (v.l.n.r.):<\/strong> Markus Beinlich, Harald K\u00fcchler, Roland Hogg, Uwe Hirt, Barnhard Plottnik, Andreas Vetter, Wolfgang M\u00fcller, Achim Ittner, Thomas Miller, Uwe Ladwig, Alfons R\u00f6tzer, Roland Ittner, Joachim Maumert, Ronald Eichhorn, Gerhard Hengge, Helga Ruh, Regina Baumert<\/span><\/p>\n<p><span style=\"font-size: 14pt;\">Leider beendete Alfons R\u00f6tzer seine T\u00e4tigkeit bereits Mitte 1984, um seinen Zivildienst abzuleisten. Da keine schnelle L\u00f6sung f\u00fcr den Fortbestand der Jugendkapelle gefunden werden konnte, wurden die \u00e4lteren und am weitesten fortgeschrittenen Jungmusiker in die aktive Kapelle \u00fcbernommen. Dies hatte die Aufl\u00f6sung der traditionsreichen Jugendkapelle zur Folge.<\/span><\/p>\n<p><span style=\"font-size: 14pt;\">Nach etlichen Zusammenk\u00fcnften und Sitzungen mit den Vorst\u00e4nden der Musikvereine Binningen, Schlatt und Weiterdingen wurde die &#8222;Hilzinger Bl\u00e4serschule gegr\u00fcndet und ab Oktober 1988 probte wieder eine Jugendkapelle mit 15 Musikern unter der Leitung von <strong>Hubert Mattis<\/strong>. <\/span><br \/>\n<span style=\"font-size: 14pt;\">Im Herbst 1989 gab er die Leitung der Jugendkapelle der Bl\u00e4serschule ab an <strong>Roland Ittner<\/strong>, der kurz davor eine Dirigentenausbildung absolviert hatte und schon als Vizedirigent der aktiven Kapelle fungierte. 1992 fusionierte die Bl\u00e4serschule mit der Jugendmusikschule Westlicher Hegau und<strong> Markus Augenstein<\/strong> (Fachbereichsleiter Bl\u00e4ser) \u00fcbernahm die Leitung des Jugendblasorchesters.<\/span><\/p>\n<p><span style=\"font-size: 14pt;\"><img loading=\"lazy\" decoding=\"async\" class=\" wp-image-65 img-responsive alignleft\" src=\"http:\/\/bigband.mv-hilzingen.de\/wp-content\/uploads\/2016\/09\/fright-night-band-300x181.jpg\" alt=\"fright-night-band\" width=\"393\" height=\"237\" srcset=\"https:\/\/bigband.mv-hilzingen.de\/wp-content\/uploads\/2016\/09\/fright-night-band-300x181.jpg 300w, https:\/\/bigband.mv-hilzingen.de\/wp-content\/uploads\/2016\/09\/fright-night-band.jpg 354w\" sizes=\"auto, (max-width: 393px) 100vw, 393px\" \/><\/span><\/p>\n<p><strong><span style=\"font-size: 14pt;\">FRIGHT &#8211; NIGHT im Jahr 1996<\/span><\/strong><\/p>\n<p><span style=\"font-size: 12pt;\"><strong>Vorne (v.l.n.r.):<\/strong> Michael Sch\u00e4fer, Carsten Fritschi, Christine Maier, Markus Eder, Sylvia Stellmacher, Michael J\u00e4ckle, Mathias Ziganke, Bernhard Wittnebel<\/span><\/p>\n<p><span style=\"font-size: 12pt;\"><strong>Hinten (v.l.n.r.):<\/strong> Daniela Fechtig, Holger Graf, Dominik Scherer, Isabell Nikolai, Diana S\u00e4ttele, Nadine Dallath, Sonja K\u00fchne, Hartmut Wieser, Sonja Ziganke, Dirigent Roland Ittner<\/span><\/p>\n<p>&nbsp;<\/p>\n<p><span style=\"font-size: 14pt;\">Die Ausbildung der Z\u00f6glinge durch professionelle Musiklehrer an der Musikschule ist eigentlich als Gl\u00fccksfall f\u00fcr den Musikverein Hilzingen zu bezeichnen, wird hierdurch doch eine qualitativ hochwertige Ausbildung der Z\u00f6glinge gew\u00e4hrleistet. Und dennoch musste sich der Musikverein von Anfang an bem\u00fchen, den Kontakt zu den Jugendlichen nicht zu verlieren. Aus diesem Grund ergriff Roland Ittner als musikalisch Verantwortlicher des Musikvereins Hilzingen im Sommer 1995 die Initiative und gr\u00fcndete mit den bereits fortgeschritteneren Jungmusikern eine Jugend-Big-Band. Der Name &#8222;Big-Band deshalb, um hiermit schon zu zeigen, dass es keine Formation in Konkurrenz zum Jugendblasorchester sein sollte, sondern ein erg\u00e4nzendes Angebot f\u00fcr die Hilzinger Z\u00f6glinge. Und die jungen Musikerinnen und Musiker waren begeisterungsf\u00e4hig und kreativ: Sie gaben ihrer jungen Formation den Zusatznamen Fright-Night-Band und sorgten mit etlichen eigenen Ideen daf\u00fcr, dass die Jugend innerhalb des Vereins ein weiteres Mal auf sich aufmerksam machte.<\/span><\/p>\n<p><span style=\"font-size: 14pt;\">Von Herbst 1995 bis Dezember 1999 wurden die verschiedensten Auftritte von der &#8222;FRIGHT &#8211; NIGHT&#8220; Band absolviert. Darunter auch einige in weiterer Ferne wie in Kappel oder Bernau im Schwarzwald. Mit kleinen Showelementen angereichert &#8211; erinnert sei hier an die Blues-Brothers-Einlage 1997- sorgten die jungen Musiker bei all ihren Auftritten f\u00fcr viel gute Laune und erhielten reichlich Beifall.<\/span><\/p>\n<p><strong><img loading=\"lazy\" decoding=\"async\" class=\" wp-image-75 img-responsive alignleft\" src=\"http:\/\/bigband.mv-hilzingen.de\/wp-content\/uploads\/2016\/09\/soundblaster-300x150.jpg\" alt=\"soundblaster\" width=\"390\" height=\"195\" srcset=\"https:\/\/bigband.mv-hilzingen.de\/wp-content\/uploads\/2016\/09\/soundblaster-300x150.jpg 300w, https:\/\/bigband.mv-hilzingen.de\/wp-content\/uploads\/2016\/09\/soundblaster.jpg 354w\" sizes=\"auto, (max-width: 390px) 100vw, 390px\" \/><span style=\"font-size: 14pt;\">SOUNDBLASTER im Jahr 2002<\/span><\/strong><\/p>\n<p><span style=\"font-size: 12pt;\"><strong>(v.l.n.r.):<\/strong>Melanie Maier, Lisa Fahr, Hanna Z\u00f6ller, Lisa Riede, Anna-Lena Pfoser, Matthias Genter, Jessica M\u00fcller, Dirigent Michael J\u00e4ckle, Katia Mattis, Nathalie Loselein, Florian Sauter, Corinna Graf, Deborah Rapp, Ralf Fechtig, Judith K\u00fchne, Sandra Schwarz, Kevin Gr\u00fcninger, Stefanie H\u00f6fler, Adrian H\u00e4gele, Julia Riede<\/span><\/p>\n<p>&nbsp;<\/p>\n<p><span style=\"font-size: 14pt;\">Naturgem\u00e4\u00df war die Fright-Night-Band zwischenzeitlich an einem Punkt angelangt, der den Zusatz &#8222;Jugend vor der Big-Band nicht mehr rechtfertigte: Die Jugendlichen waren erwachsen geworden; Berufsausbildung, anstehende Schulpr\u00fcfungen, Bundeswehr oder Zivildienst und nicht zuletzt die Tatsache, dass erfreulicherweise die allermeisten mittlerweile auch in der aktiven Musikkapelle mitspielten, sorgten daf\u00fcr, dass die Zeit knapp wurde f\u00fcr Proben und Auftritte. Und so leitete Roland Ittner mit einem lachenden und einem weinenden Auge am 17. Dezember 2000 im August-Dietrich-Saal das Abschiedskonzert der Fright-Night-Band. Mit einem lachenden Auge deshalb, weil n\u00e4mlich die musikalische Nachwuchsformation schon in den Startl\u00f6chern stand und sich gleichzeitig mit dem letzten Auftritt der Fright-Night-Band die neue Jugend- Big-Band SOUNDBLASTER vorstellte. Wie ihre Vorg\u00e4nger auch, hatten die 12 bis 15-j\u00e4hrigen ihren Bandnamen selbst gew\u00e4hlt und schufen auch den Schriftzug, der die blauen T-Shirts ziert, selbst.<\/span><\/p>\n<h3><strong><span style=\"font-size: 14pt;\">SOUNDBLAST<img loading=\"lazy\" decoding=\"async\" class=\" wp-image-82 img-responsive alignleft\" src=\"http:\/\/bigband.mv-hilzingen.de\/wp-content\/uploads\/2016\/09\/uebers-300x225.jpg\" alt=\"uebers\" width=\"352\" height=\"264\" srcset=\"https:\/\/bigband.mv-hilzingen.de\/wp-content\/uploads\/2016\/09\/uebers-300x225.jpg 300w, https:\/\/bigband.mv-hilzingen.de\/wp-content\/uploads\/2016\/09\/uebers.jpg 501w\" sizes=\"auto, (max-width: 352px) 100vw, 352px\" \/>ER im Jahr 2007<\/span><\/strong><\/h3>\n<p><span style=\"font-size: 12pt;\"><strong>Vorne (v.l.n.r.):<\/strong> Jannik Jetter, Saskia Tschacher, Franziska Pfoser, Karina Vogt, Anika Hengge, Melanie Maier, Lisa Riede, Nathalie Loselein<\/span><\/p>\n<p><span style=\"font-size: 12pt;\"><strong>Mitte (v.l.n.r.):<\/strong> Niels Grabowski, Quirin Kissmehl, Michael Hengge, Verena Kessinger, Claudia Graf, Julia Riede, Marlene Schoch, Melina Motz,<\/span><\/p>\n<p><span style=\"font-size: 12pt;\"><strong>Hinten (v.l.n.r.):<\/strong> Thomas Cholewa, Tobias K\u00f6nig, Sebastian Dommer, Stefanie H\u00f6fler, Benjamin Stoll, Julian Schelle, Franziska H\u00f6fler, Fabian Vogt, Dirigent Michael J\u00e4ckle<\/span><\/p>\n<p>&nbsp;<\/p>\n<p><span style=\"font-size: 14pt;\">Unter der Leitung von <strong>Michael J\u00e4ckle<\/strong> wurde die urspr\u00fcngliche BigBand-Formation nach und nach zu einem Jugendorchester. Dabei \u00e4nderten sich nicht nur die Besetzung, sondern auch das Repertoire der Jungmusiker. In seiner 10-j\u00e4hrigen Wirkungszeit baute Michael J\u00e4ckle ein hervorragendes Jugendblasorchester auf, und sicherte somit in Zusammenarbeit mit dem neunen Dirigenten der Hauptkapelle, <strong>Christian Gommel<\/strong>, den Nachwuchs an Musikern. Neben einem Fr\u00fchjahrskonzert zusammen mit der Hauptkapelle, wurde ein Adventskonzert der BigBand eingef\u00fchrt. Auch ein j\u00e4hrliches Zeltlager am Bodensee geh\u00f6rt dank Michael J\u00e4ckle zum Programm. Zudem wurden neue, schwarze T-Shirts gestaltet. Am Adventskonzert 2010 beendete Michael J\u00e4ckle seine T\u00e4tigkeit als Dirigent der jungen Musiker.<\/span><\/p>\n<p><span style=\"font-size: 14pt;\">Dass die Vereinsarbeit im Musikverein Hizingen nicht ohne die Jugendarbeit gesehen werden darf, ist von existentieller Bedeutung f\u00fcr den Fortbestand des Vereins, und wie bisher ist es wichtig, dass auch k\u00fcnftig der Jugendarbeit ein hoher Stellenwert im Vereinsleben einger\u00e4umt wird. Und so ist zu hoffen und zu w\u00fcnschen, dass die neue Jugendleiter <strong>Quirin Kissmehl<\/strong> und <strong>Vanessa Tschacher<\/strong> als Leiter der Jugend-Big-Band SOUNDBLASTER noch lange daf\u00fcr sorgen werden, dass es keine musikalischen Nachwuchsprobleme beim Musikverein Hilzingen gibt, denn sie ist die Zukunft des Vereins: &#8222;unsere Jugend!&#8220;<\/span><\/p>\n<p>&nbsp;<\/p>\n","protected":false},"excerpt":{"rendered":"<p>Wer mit Interesse die Entwicklung des Musikvereins Hilzingen seit den Nachkriegsjahren verfolgt hat, wird feststellen, dass neben den musikalischen Erfolgen der aktiven Kapelle die hervorragende und fortdauernde Jugendarbeit im gleichen Atemzug genannt werden muss. Sie bildete in den letzten 50<\/p>\n","protected":false},"author":1,"featured_media":27,"parent":0,"menu_order":0,"comment_status":"closed","ping_status":"closed","template":"","meta":{"footnotes":""},"class_list":["post-18","page","type-page","status-publish","has-post-thumbnail","hentry"],"_links":{"self":[{"href":"https:\/\/bigband.mv-hilzingen.de\/index.php\/wp-json\/wp\/v2\/pages\/18","targetHints":{"allow":["GET"]}}],"collection":[{"href":"https:\/\/bigband.mv-hilzingen.de\/index.php\/wp-json\/wp\/v2\/pages"}],"about":[{"href":"https:\/\/bigband.mv-hilzingen.de\/index.php\/wp-json\/wp\/v2\/types\/page"}],"author":[{"embeddable":true,"href":"https:\/\/bigband.mv-hilzingen.de\/index.php\/wp-json\/wp\/v2\/users\/1"}],"replies":[{"embeddable":true,"href":"https:\/\/bigband.mv-hilzingen.de\/index.php\/wp-json\/wp\/v2\/comments?post=18"}],"version-history":[{"count":51,"href":"https:\/\/bigband.mv-hilzingen.de\/index.php\/wp-json\/wp\/v2\/pages\/18\/revisions"}],"predecessor-version":[{"id":88,"href":"https:\/\/bigband.mv-hilzingen.de\/index.php\/wp-json\/wp\/v2\/pages\/18\/revisions\/88"}],"wp:featuredmedia":[{"embeddable":true,"href":"https:\/\/bigband.mv-hilzingen.de\/index.php\/wp-json\/wp\/v2\/media\/27"}],"wp:attachment":[{"href":"https:\/\/bigband.mv-hilzingen.de\/index.php\/wp-json\/wp\/v2\/media?parent=18"}],"curies":[{"name":"wp","href":"https:\/\/api.w.org\/{rel}","templated":true}]}}